{"id":109,"date":"2025-06-12T11:18:01","date_gmt":"2025-06-12T09:18:01","guid":{"rendered":"https:\/\/artdeco.lu\/?page_id=109"},"modified":"2025-06-20T14:30:10","modified_gmt":"2025-06-20T12:30:10","slug":"conditions-generales-de-vente","status":"publish","type":"page","link":"https:\/\/artdeco.lu\/fr\/conditions-generales-de-vente\/","title":{"rendered":"Conditions g\u00e9n\u00e9rales de vente"},"content":{"rendered":"<p>1. G\u00e9n\u00e9ralit\u00e9s<br \/>\n1.1. Sauf convention contraire expresse accept\u00e9e par \u00e9crit, les pr\u00e9sentes conditions sont seules<br \/>\napplicables \u00e0 tous nos contrats et engagements. Il en ira de m\u00eame au cas o\u00f9 les conditions du<br \/>\nclient affirmeraient leur propre primaut\u00e9.<br \/>\n1.2. SAN s.\u00e0r.l. se r\u00e9serve la possibilit\u00e9 d\u2019adapter ou de modifier \u00e0 tout moment et sans pr\u00e9avis les<br \/>\npr\u00e9sentes conditions g\u00e9n\u00e9rales de vente. Toute nouvelle version de celles-ci sera publi\u00e9e pr\u00e9alablement sur notre site web www.san.lu.<br \/>\n2. Offres et commandes<br \/>\n2.1. Nos offres sont sans engagement de notre part. Les commandes doivent nous \u00eatre remises<br \/>\npar \u00e9crit et ne deviennent d\u00e9finitives qu\u2019apr\u00e8s acceptation formelle de notre part.<br \/>\n3. Livraison et d\u00e9lais<br \/>\n3.1. Les d\u00e9lais de livraison ne sont donn\u00e9s qu\u2019\u00e0 titre purement indicatif et sans aucun engagement de notre part. Nous d\u00e9clinons tout paiement de p\u00e9nalit\u00e9 pour retard dans la fourniture. Le<br \/>\nclient ne pourra pas invoquer le retard \u00e9ventuel pour annuler sa commande. Les livraisons sont<br \/>\neffectu\u00e9es en fonction de nos disponibilit\u00e9s. Nous nous r\u00e9servons le droit de proc\u00e9der \u00e0 des livraisons partielles.<br \/>\n4. Prix et conditions de paiement<br \/>\n4.1. Nos prix indiqu\u00e9s sont les prix nets et hors TVA. Toute commande non enti\u00e8rement ex\u00e9cut\u00e9e<br \/>\npour quelque raison que ce soit \u00e0 la date d\u2019une modification de prix, sera factur\u00e9e pour le solde<br \/>\nau prix modifi\u00e9.<br \/>\n4.2. Nos factures sont payables, net, dans les 14 jours \u00e0 compter de la date de la facture. Toute facture non pay\u00e9e \u00e0 l\u2019\u00e9ch\u00e9ance porte de plein droit et sans mise en demeure, un int\u00e9r\u00eat de 15 % l\u2019an. En<br \/>\noutre, sans pr\u00e9judice de ce qui pr\u00e9c\u00e8de, le simple fait du non-paiement d\u2019une facture \u00e0 \u00e9ch\u00e9ance,<br \/>\nentra\u00eene de plein droit et sans mise en demeure le paiement \u00e0 titre de dommages et int\u00e9r\u00eats forfaitaires d\u2019une somme \u00e9gale \u00e0 20 % du montant restant d\u00fb avec un minimum de 125 \u20ac.<br \/>\n4.3. Le d\u00e9faut de paiement d\u2019une facture \u00e0 son \u00e9ch\u00e9ance ou d\u2019une mensualit\u00e9 en cas de paiements \u00e9chelonn\u00e9s, rend imm\u00e9diatement exigible, sans mise en demeure pr\u00e9alable, l\u2019int\u00e9gralit\u00e9<br \/>\ndes sommes dues et nous autorise \u00e0 suspendre toute fourniture, outre de consid\u00e9rer le contrat<br \/>\ncomme r\u00e9solu de plein droit.<br \/>\n4.4. Nous nous r\u00e9servons le droit, m\u00eame apr\u00e8s ex\u00e9cution partielle d\u2019un march\u00e9, d\u2019exiger de l\u2019acheteur une garantie, agr\u00e9\u00e9e par nous, de la bonne ex\u00e9cution des engagements du client.<br \/>\n4.5. Les produits vendus et droits d\u2019utilisation restent notre propri\u00e9t\u00e9 exclusive jusqu\u2019\u00e0 paiement<br \/>\ncomplet du prix, des int\u00e9r\u00eats de retard \u00e9ventuels et de tous les frais suppl\u00e9mentaires. Il est interdit \u00e0 l\u2019acheteur soit de vendre, soit de donner en gage \u00e0 un tiers, le produit vendu et en tout<br \/>\ncas d\u2019en disposer de quelque mani\u00e8re que ce soit, avant d\u2019en avoir pay\u00e9 int\u00e9gralement le prix de<br \/>\nvente. Toutefois, la charge des risques est transf\u00e9r\u00e9e au client d\u00e8s l\u2019instant de la livraison.<\/p>\n","protected":false},"excerpt":{"rendered":"<p>1. G\u00e9n\u00e9ralit\u00e9s 1.1. Sauf convention contraire expresse accept\u00e9e par \u00e9crit, les pr\u00e9sentes conditions sont seules applicables \u00e0 tous nos contrats et engagements. Il en ira de m\u00eame au cas o\u00f9 les conditions du client affirmeraient leur propre primaut\u00e9. 1.2. SAN s.\u00e0r.l. se r\u00e9serve la possibilit\u00e9 d\u2019adapter ou de modifier \u00e0 tout moment et sans pr\u00e9avis [&hellip;]<\/p>\n","protected":false},"author":1,"featured_media":0,"parent":0,"menu_order":0,"comment_status":"closed","ping_status":"closed","template":"","meta":{"_acf_changed":false,"footnotes":""},"class_list":["post-109","page","type-page","status-publish","hentry"],"acf":[],"yoast_head":"<!-- This site is optimized with the Yoast SEO plugin v26.7 - https:\/\/yoast.com\/wordpress\/plugins\/seo\/ -->\n<title>Conditions g\u00e9n\u00e9rales de vente - SAN - Art &amp; D\u00e9co<\/title>\n<meta name=\"robots\" content=\"index, follow, max-snippet:-1, max-image-preview:large, max-video-preview:-1\" \/>\n<link rel=\"canonical\" href=\"https:\/\/artdeco.lu\/fr\/conditions-generales-de-vente\/\" \/>\n<meta property=\"og:locale\" content=\"fr_FR\" \/>\n<meta property=\"og:type\" content=\"article\" \/>\n<meta property=\"og:title\" content=\"Conditions g\u00e9n\u00e9rales de vente - SAN - Art &amp; D\u00e9co\" \/>\n<meta property=\"og:description\" content=\"1. G\u00e9n\u00e9ralit\u00e9s 1.1. Sauf convention contraire expresse accept\u00e9e par \u00e9crit, les pr\u00e9sentes conditions sont seules applicables \u00e0 tous nos contrats et engagements. Il en ira de m\u00eame au cas o\u00f9 les conditions du client affirmeraient leur propre primaut\u00e9. 1.2. SAN s.\u00e0r.l. se r\u00e9serve la possibilit\u00e9 d\u2019adapter ou de modifier \u00e0 tout moment et sans pr\u00e9avis [&hellip;]\" \/>\n<meta property=\"og:url\" content=\"https:\/\/artdeco.lu\/fr\/conditions-generales-de-vente\/\" \/>\n<meta property=\"og:site_name\" content=\"SAN - Art &amp; D\u00e9co\" \/>\n<meta property=\"article:modified_time\" content=\"2025-06-20T12:30:10+00:00\" \/>\n<meta name=\"twitter:card\" content=\"summary_large_image\" \/>\n<meta name=\"twitter:label1\" content=\"Dur\u00e9e de lecture estim\u00e9e\" \/>\n\t<meta name=\"twitter:data1\" content=\"3 minutes\" \/>\n<script type=\"application\/ld+json\" class=\"yoast-schema-graph\">{\"@context\":\"https:\/\/schema.org\",\"@graph\":[{\"@type\":\"WebPage\",\"@id\":\"https:\/\/artdeco.lu\/fr\/conditions-generales-de-vente\/\",\"url\":\"https:\/\/artdeco.lu\/fr\/conditions-generales-de-vente\/\",\"name\":\"Conditions g\u00e9n\u00e9rales de vente - SAN - Art &amp; D\u00e9co\",\"isPartOf\":{\"@id\":\"https:\/\/artdeco.lu\/fr\/#website\"},\"datePublished\":\"2025-06-12T09:18:01+00:00\",\"dateModified\":\"2025-06-20T12:30:10+00:00\",\"breadcrumb\":{\"@id\":\"https:\/\/artdeco.lu\/fr\/conditions-generales-de-vente\/#breadcrumb\"},\"inLanguage\":\"fr-FR\",\"potentialAction\":[{\"@type\":\"ReadAction\",\"target\":[\"https:\/\/artdeco.lu\/fr\/conditions-generales-de-vente\/\"]}]},{\"@type\":\"BreadcrumbList\",\"@id\":\"https:\/\/artdeco.lu\/fr\/conditions-generales-de-vente\/#breadcrumb\",\"itemListElement\":[{\"@type\":\"ListItem\",\"position\":1,\"name\":\"Home\",\"item\":\"https:\/\/artdeco.lu\/fr\/\"},{\"@type\":\"ListItem\",\"position\":2,\"name\":\"Conditions g\u00e9n\u00e9rales de vente\"}]},{\"@type\":\"WebSite\",\"@id\":\"https:\/\/artdeco.lu\/fr\/#website\",\"url\":\"https:\/\/artdeco.lu\/fr\/\",\"name\":\"SAN - Art &amp; D\u00e9co\",\"description\":\"\",\"potentialAction\":[{\"@type\":\"SearchAction\",\"target\":{\"@type\":\"EntryPoint\",\"urlTemplate\":\"https:\/\/artdeco.lu\/fr\/?s={search_term_string}\"},\"query-input\":{\"@type\":\"PropertyValueSpecification\",\"valueRequired\":true,\"valueName\":\"search_term_string\"}}],\"inLanguage\":\"fr-FR\"}]}<\/script>\n<!-- \/ Yoast SEO plugin. -->","yoast_head_json":{"title":"Conditions g\u00e9n\u00e9rales de vente - SAN - Art &amp; D\u00e9co","robots":{"index":"index","follow":"follow","max-snippet":"max-snippet:-1","max-image-preview":"max-image-preview:large","max-video-preview":"max-video-preview:-1"},"canonical":"https:\/\/artdeco.lu\/fr\/conditions-generales-de-vente\/","og_locale":"fr_FR","og_type":"article","og_title":"Conditions g\u00e9n\u00e9rales de vente - SAN - Art &amp; D\u00e9co","og_description":"1. G\u00e9n\u00e9ralit\u00e9s 1.1. Sauf convention contraire expresse accept\u00e9e par \u00e9crit, les pr\u00e9sentes conditions sont seules applicables \u00e0 tous nos contrats et engagements. Il en ira de m\u00eame au cas o\u00f9 les conditions du client affirmeraient leur propre primaut\u00e9. 1.2. SAN s.\u00e0r.l. se r\u00e9serve la possibilit\u00e9 d\u2019adapter ou de modifier \u00e0 tout moment et sans pr\u00e9avis [&hellip;]","og_url":"https:\/\/artdeco.lu\/fr\/conditions-generales-de-vente\/","og_site_name":"SAN - Art &amp; D\u00e9co","article_modified_time":"2025-06-20T12:30:10+00:00","twitter_card":"summary_large_image","twitter_misc":{"Dur\u00e9e de lecture estim\u00e9e":"3 minutes"},"schema":{"@context":"https:\/\/schema.org","@graph":[{"@type":"WebPage","@id":"https:\/\/artdeco.lu\/fr\/conditions-generales-de-vente\/","url":"https:\/\/artdeco.lu\/fr\/conditions-generales-de-vente\/","name":"Conditions g\u00e9n\u00e9rales de vente - SAN - Art &amp; D\u00e9co","isPartOf":{"@id":"https:\/\/artdeco.lu\/fr\/#website"},"datePublished":"2025-06-12T09:18:01+00:00","dateModified":"2025-06-20T12:30:10+00:00","breadcrumb":{"@id":"https:\/\/artdeco.lu\/fr\/conditions-generales-de-vente\/#breadcrumb"},"inLanguage":"fr-FR","potentialAction":[{"@type":"ReadAction","target":["https:\/\/artdeco.lu\/fr\/conditions-generales-de-vente\/"]}]},{"@type":"BreadcrumbList","@id":"https:\/\/artdeco.lu\/fr\/conditions-generales-de-vente\/#breadcrumb","itemListElement":[{"@type":"ListItem","position":1,"name":"Home","item":"https:\/\/artdeco.lu\/fr\/"},{"@type":"ListItem","position":2,"name":"Conditions g\u00e9n\u00e9rales de vente"}]},{"@type":"WebSite","@id":"https:\/\/artdeco.lu\/fr\/#website","url":"https:\/\/artdeco.lu\/fr\/","name":"SAN - Art &amp; D\u00e9co","description":"","potentialAction":[{"@type":"SearchAction","target":{"@type":"EntryPoint","urlTemplate":"https:\/\/artdeco.lu\/fr\/?s={search_term_string}"},"query-input":{"@type":"PropertyValueSpecification","valueRequired":true,"valueName":"search_term_string"}}],"inLanguage":"fr-FR"}]}},"_links":{"self":[{"href":"https:\/\/artdeco.lu\/fr\/wp-json\/wp\/v2\/pages\/109","targetHints":{"allow":["GET"]}}],"collection":[{"href":"https:\/\/artdeco.lu\/fr\/wp-json\/wp\/v2\/pages"}],"about":[{"href":"https:\/\/artdeco.lu\/fr\/wp-json\/wp\/v2\/types\/page"}],"author":[{"embeddable":true,"href":"https:\/\/artdeco.lu\/fr\/wp-json\/wp\/v2\/users\/1"}],"replies":[{"embeddable":true,"href":"https:\/\/artdeco.lu\/fr\/wp-json\/wp\/v2\/comments?post=109"}],"version-history":[{"count":2,"href":"https:\/\/artdeco.lu\/fr\/wp-json\/wp\/v2\/pages\/109\/revisions"}],"predecessor-version":[{"id":189,"href":"https:\/\/artdeco.lu\/fr\/wp-json\/wp\/v2\/pages\/109\/revisions\/189"}],"wp:attachment":[{"href":"https:\/\/artdeco.lu\/fr\/wp-json\/wp\/v2\/media?parent=109"}],"curies":[{"name":"wp","href":"https:\/\/api.w.org\/{rel}","templated":true}]}}